{"id":37,"date":"2020-07-13T19:54:20","date_gmt":"2020-07-13T19:54:20","guid":{"rendered":"http:\/\/dev.qf.do\/?page_id=37"},"modified":"2020-08-03T15:29:19","modified_gmt":"2020-08-03T15:29:19","slug":"clientes","status":"publish","type":"page","link":"https:\/\/qf.do\/en\/clientes\/","title":{"rendered":"Clientes"},"content":{"rendered":"<div data-elementor-type=\"wp-page\" data-elementor-id=\"37\" class=\"elementor elementor-37\" data-elementor-settings=\"[]\">\n\t\t\t<div class=\"elementor-inner\">\n\t\t\t\t<div class=\"elementor-section-wrap\">\n\t\t\t\t\t\t\t<section class=\"elementor-element elementor-element-52fdae6 elementor-section-height-min-height elementor-section-boxed elementor-section-height-default elementor-section-items-middle elementor-section elementor-top-section\" data-id=\"52fdae6\" data-element_type=\"section\" data-settings=\"{&quot;background_background&quot;:&quot;classic&quot;}\">\n\t\t\t\t\t\t\t<div class=\"elementor-background-overlay\"><\/div>\n\t\t\t\t\t\t\t<div class=\"elementor-container elementor-column-gap-default\">\n\t\t\t\t<div class=\"elementor-row\">\n\t\t\t\t<div class=\"elementor-element elementor-element-9a91b3e elementor-column elementor-col-100 elementor-top-column\" data-id=\"9a91b3e\" data-element_type=\"column\">\n\t\t\t<div class=\"elementor-column-wrap  elementor-element-populated\">\n\t\t\t\t\t<div class=\"elementor-widget-wrap\">\n\t\t\t\t<div class=\"elementor-element elementor-element-2dc891c elementor-widget elementor-widget-heading\" data-id=\"2dc891c\" data-element_type=\"widget\" data-widget_type=\"heading.default\">\n\t\t\t\t<div class=\"elementor-widget-container\">\n\t\t\t<h3 class=\"elementor-heading-title elementor-size-default\">Nuestros Clientes<\/h3>\t\t<\/div>\n\t\t\t\t<\/div>\n\t\t\t\t<div class=\"elementor-element elementor-element-42de6de elementor-widget elementor-widget-heading\" data-id=\"42de6de\" data-element_type=\"widget\" data-widget_type=\"heading.default\">\n\t\t\t\t<div class=\"elementor-widget-container\">\n\t\t\t<h2 class=\"elementor-heading-title elementor-size-default\">Queremos ser tu aliado estrat\u00e9gico con soluciones de tecnolog\u00eda y arquitectura<\/h2>\t\t<\/div>\n\t\t\t\t<\/div>\n\t\t\t\t<div class=\"elementor-element elementor-element-03a854d elementor-align-center elementor-mobile-align-center elementor-widget elementor-widget-button\" data-id=\"03a854d\" data-element_type=\"widget\" data-widget_type=\"button.default\">\n\t\t\t\t<div class=\"elementor-widget-container\">\n\t\t\t\t\t<div class=\"elementor-button-wrapper\">\n\t\t\t<a href=\"#elementor-action%3Aaction%3Dpopup%3Aopen%26settings%3DeyJpZCI6IjI0NCIsInRvZ2dsZSI6ZmFsc2V9\" class=\"elementor-button-link elementor-button elementor-size-md\" role=\"button\">\n\t\t\t\t\t\t<span class=\"elementor-button-content-wrapper\">\n\t\t\t\t\t\t<span class=\"elementor-button-text\">Contact us<\/span>\n\t\t<\/span>\n\t\t\t\t\t<\/a>\n\t\t<\/div>\n\t\t\t\t<\/div>\n\t\t\t\t<\/div>\n\t\t\t\t\t\t<\/div>\n\t\t\t<\/div>\n\t\t<\/div>\n\t\t\t\t\t\t<\/div>\n\t\t\t<\/div>\n\t\t<\/section>\n\t\t\t\t<section class=\"elementor-element elementor-element-d83e134 elementor-section-content-middle elementor-section-boxed elementor-section-height-default elementor-section-height-default elementor-section elementor-top-section\" data-id=\"d83e134\" data-element_type=\"section\" data-settings=\"{&quot;background_background&quot;:&quot;classic&quot;}\">\n\t\t\t\t\t\t<div class=\"elementor-container elementor-column-gap-default\">\n\t\t\t\t<div class=\"elementor-row\">\n\t\t\t\t<div class=\"elementor-element elementor-element-aeb0f41 elementor-column elementor-col-100 elementor-top-column\" data-id=\"aeb0f41\" data-element_type=\"column\">\n\t\t\t<div class=\"elementor-column-wrap  elementor-element-populated\">\n\t\t\t\t\t<div class=\"elementor-widget-wrap\">\n\t\t\t\t<div class=\"elementor-element elementor-element-60b0422 elementor-widget elementor-widget-heading\" data-id=\"60b0422\" data-element_type=\"widget\" data-widget_type=\"heading.default\">\n\t\t\t\t<div class=\"elementor-widget-container\">\n\t\t\t<h2 class=\"elementor-heading-title elementor-size-default\">Han confiado en nosotros<\/h2>\t\t<\/div>\n\t\t\t\t<\/div>\n\t\t\t\t<div class=\"elementor-element elementor-element-d171003 elementor-widget elementor-widget-divider\" data-id=\"d171003\" data-element_type=\"widget\" data-widget_type=\"divider.default\">\n\t\t\t\t<div class=\"elementor-widget-container\">\n\t\t\t\t\t<div class=\"elementor-divider\">\n\t\t\t<span class=\"elementor-divider-separator\">\n\t\t\t\t\t\t<\/span>\n\t\t<\/div>\n\t\t\t\t<\/div>\n\t\t\t\t<\/div>\n\t\t\t\t\t\t<\/div>\n\t\t\t<\/div>\n\t\t<\/div>\n\t\t\t\t\t\t<\/div>\n\t\t\t<\/div>\n\t\t<\/section>\n\t\t\t\t<section class=\"elementor-element elementor-element-8f72eeb elementor-section-boxed elementor-section-height-default elementor-section-height-default elementor-section elementor-top-section\" data-id=\"8f72eeb\" data-element_type=\"section\" data-settings=\"{&quot;background_background&quot;:&quot;classic&quot;}\">\n\t\t\t\t\t\t\t<div class=\"elementor-background-overlay\"><\/div>\n\t\t\t\t\t\t\t<div class=\"elementor-container elementor-column-gap-wide\">\n\t\t\t\t<div class=\"elementor-row\">\n\t\t\t\t<div class=\"elementor-element elementor-element-2f34524 elementor-column elementor-col-100 elementor-top-column\" data-id=\"2f34524\" data-element_type=\"column\">\n\t\t\t<div class=\"elementor-column-wrap  elementor-element-populated\">\n\t\t\t\t\t<div class=\"elementor-widget-wrap\">\n\t\t\t\t<div class=\"elementor-element elementor-element-129c342 ha-logo-grid--col-3 ha-logo-grid--box ha-logo-grid--col--tablet2 ha-logo-grid--col--mobile2 elementor-widget elementor-widget-ha-logo-grid happy-addon ha-logo-grid\" data-id=\"129c342\" data-element_type=\"widget\" data-widget_type=\"ha-logo-grid.default\">\n\t\t\t\t<div class=\"elementor-widget-container\">\n\t\t\t\n        <div class=\"ha-logo-grid-wrapper\">\n                            <div class=\"ha-logo-grid-item\">\n                    <figure class=\"ha-logo-grid-figure\">\n                    <img width=\"192\" height=\"192\" src=\"https:\/\/qf.do\/wp-content\/uploads\/2020\/07\/LEF-Contrucciones-logo.png\" class=\"ha-logo-grid-img elementor-animation-grow\" alt=\"\" loading=\"lazy\" srcset=\"https:\/\/qf.do\/wp-content\/uploads\/2020\/07\/LEF-Contrucciones-logo.png 192w, https:\/\/qf.do\/wp-content\/uploads\/2020\/07\/LEF-Contrucciones-logo-150x150.png 150w\" sizes=\"(max-width: 192px) 100vw, 192px\" \/>                    <\/figure>\n                <\/div>\n                            <div class=\"ha-logo-grid-item\">\n                    <figure class=\"ha-logo-grid-figure\">\n                    <img width=\"373\" height=\"96\" src=\"https:\/\/qf.do\/wp-content\/uploads\/2020\/07\/dominico-americano.png\" class=\"ha-logo-grid-img elementor-animation-grow\" alt=\"\" loading=\"lazy\" srcset=\"https:\/\/qf.do\/wp-content\/uploads\/2020\/07\/dominico-americano.png 373w, https:\/\/qf.do\/wp-content\/uploads\/2020\/07\/dominico-americano-300x77.png 300w\" sizes=\"(max-width: 373px) 100vw, 373px\" \/>                    <\/figure>\n                <\/div>\n                            <div class=\"ha-logo-grid-item\">\n                    <figure class=\"ha-logo-grid-figure\">\n                    <img width=\"400\" height=\"100\" src=\"https:\/\/qf.do\/wp-content\/uploads\/2020\/07\/logo_pkv_h.jpg\" class=\"ha-logo-grid-img elementor-animation-grow\" alt=\"\" loading=\"lazy\" srcset=\"https:\/\/qf.do\/wp-content\/uploads\/2020\/07\/logo_pkv_h.jpg 400w, https:\/\/qf.do\/wp-content\/uploads\/2020\/07\/logo_pkv_h-300x75.jpg 300w\" sizes=\"(max-width: 400px) 100vw, 400px\" \/>                    <\/figure>\n                <\/div>\n                            <div class=\"ha-logo-grid-item\">\n                    <figure class=\"ha-logo-grid-figure\">\n                    <img width=\"148\" height=\"100\" src=\"https:\/\/qf.do\/wp-content\/uploads\/2020\/07\/Logo-encabezado-1.png\" class=\"ha-logo-grid-img elementor-animation-grow\" alt=\"\" loading=\"lazy\" \/>                    <\/figure>\n                <\/div>\n                            <div class=\"ha-logo-grid-item\">\n                    <figure class=\"ha-logo-grid-figure\">\n                    <img width=\"238\" height=\"80\" src=\"https:\/\/qf.do\/wp-content\/uploads\/2020\/07\/Logo-pablo-yarull-2.png\" class=\"ha-logo-grid-img elementor-animation-grow\" alt=\"\" loading=\"lazy\" \/>                    <\/figure>\n                <\/div>\n                            <div class=\"ha-logo-grid-item\">\n                    <figure class=\"ha-logo-grid-figure\">\n                    <img width=\"350\" height=\"158\" src=\"https:\/\/qf.do\/wp-content\/uploads\/2020\/07\/logoe2.png\" class=\"ha-logo-grid-img elementor-animation-grow\" alt=\"\" loading=\"lazy\" srcset=\"https:\/\/qf.do\/wp-content\/uploads\/2020\/07\/logoe2.png 350w, https:\/\/qf.do\/wp-content\/uploads\/2020\/07\/logoe2-300x135.png 300w\" sizes=\"(max-width: 350px) 100vw, 350px\" \/>                    <\/figure>\n                <\/div>\n                            <div class=\"ha-logo-grid-item\">\n                    <figure class=\"ha-logo-grid-figure\">\n                    <img width=\"454\" height=\"305\" src=\"https:\/\/qf.do\/wp-content\/uploads\/2020\/07\/inicaLOGO.png\" class=\"ha-logo-grid-img elementor-animation-grow\" alt=\"\" loading=\"lazy\" srcset=\"https:\/\/qf.do\/wp-content\/uploads\/2020\/07\/inicaLOGO.png 454w, https:\/\/qf.do\/wp-content\/uploads\/2020\/07\/inicaLOGO-300x202.png 300w\" sizes=\"(max-width: 454px) 100vw, 454px\" \/>                    <\/figure>\n                <\/div>\n                            <div class=\"ha-logo-grid-item\">\n                    <figure class=\"ha-logo-grid-figure\">\n                    <img width=\"410\" height=\"67\" src=\"https:\/\/qf.do\/wp-content\/uploads\/2020\/07\/logoFirstRun.png\" class=\"ha-logo-grid-img elementor-animation-grow\" alt=\"\" loading=\"lazy\" srcset=\"https:\/\/qf.do\/wp-content\/uploads\/2020\/07\/logoFirstRun.png 410w, https:\/\/qf.do\/wp-content\/uploads\/2020\/07\/logoFirstRun-300x49.png 300w\" sizes=\"(max-width: 410px) 100vw, 410px\" \/>                    <\/figure>\n                <\/div>\n                            <div class=\"ha-logo-grid-item\">\n                    <figure class=\"ha-logo-grid-figure\">\n                    <img width=\"230\" height=\"56\" src=\"https:\/\/qf.do\/wp-content\/uploads\/2020\/07\/serviport.jpg\" class=\"ha-logo-grid-img elementor-animation-grow\" alt=\"\" loading=\"lazy\" \/>                    <\/figure>\n                <\/div>\n                            <div class=\"ha-logo-grid-item\">\n                    <figure class=\"ha-logo-grid-figure\">\n                    <img width=\"120\" height=\"36\" src=\"https:\/\/qf.do\/wp-content\/uploads\/2020\/07\/charo_logo-120x36-1.png\" class=\"ha-logo-grid-img elementor-animation-grow\" alt=\"\" loading=\"lazy\" \/>                    <\/figure>\n                <\/div>\n                            <div class=\"ha-logo-grid-item\">\n                    <figure class=\"ha-logo-grid-figure\">\n                    <img width=\"344\" height=\"112\" src=\"https:\/\/qf.do\/wp-content\/uploads\/2020\/07\/logo-almacenes-checo.png\" class=\"ha-logo-grid-img elementor-animation-grow\" alt=\"\" loading=\"lazy\" srcset=\"https:\/\/qf.do\/wp-content\/uploads\/2020\/07\/logo-almacenes-checo.png 344w, https:\/\/qf.do\/wp-content\/uploads\/2020\/07\/logo-almacenes-checo-300x98.png 300w\" sizes=\"(max-width: 344px) 100vw, 344px\" \/>                    <\/figure>\n                <\/div>\n                    <\/div>\n\n        \t\t<\/div>\n\t\t\t\t<\/div>\n\t\t\t\t\t\t<\/div>\n\t\t\t<\/div>\n\t\t<\/div>\n\t\t\t\t\t\t<\/div>\n\t\t\t<\/div>\n\t\t<\/section>\n\t\t\t\t<section class=\"elementor-element elementor-element-786808e elementor-section-boxed elementor-section-height-default elementor-section-height-default elementor-section elementor-top-section\" data-id=\"786808e\" data-element_type=\"section\" data-settings=\"{&quot;background_background&quot;:&quot;classic&quot;}\">\n\t\t\t\t\t\t\t<div class=\"elementor-background-overlay\"><\/div>\n\t\t\t\t\t\t\t<div class=\"elementor-container elementor-column-gap-default\">\n\t\t\t\t<div class=\"elementor-row\">\n\t\t\t\t<div class=\"elementor-element elementor-element-e072751 elementor-column elementor-col-50 elementor-top-column\" data-id=\"e072751\" data-element_type=\"column\">\n\t\t\t<div class=\"elementor-column-wrap  elementor-element-populated\">\n\t\t\t\t\t<div class=\"elementor-widget-wrap\">\n\t\t\t\t<div class=\"elementor-element elementor-element-bac15a4 elementor-flip-box--direction-right elementor-flip-box--3d elementor-flip-box--effect-flip elementor-widget elementor-widget-flip-box\" data-id=\"bac15a4\" data-element_type=\"widget\" data-widget_type=\"flip-box.default\">\n\t\t\t\t<div class=\"elementor-widget-container\">\n\t\t\t\t\t<div class=\"elementor-flip-box\">\n\t\t\t<div class=\"elementor-flip-box__layer elementor-flip-box__front\">\n\t\t\t\t<div class=\"elementor-flip-box__layer__overlay\">\n\t\t\t\t\t<div class=\"elementor-flip-box__layer__inner\">\n\t\t\t\t\t\t\n\t\t\t\t\t\t\n\t\t\t\t\t\t\t\t\t\t\t<\/div>\n\t\t\t\t<\/div>\n\t\t\t<\/div>\n\t\t\t<div class=\"elementor-flip-box__layer elementor-flip-box__back\">\n\t\t\t<div class=\"elementor-flip-box__layer__overlay\">\n\t\t\t\t<div class=\"elementor-flip-box__layer__inner\">\n\t\t\t\t\t\n\t\t\t\t\t\n\t\t\t\t\t\t\t\t\t\t\t<a class=\"elementor-flip-box__button elementor-button elementor-size-lg\" href=\"https:\/\/qf.do\/en\/nuestros-servicios\/\">\n\t\t\t\t\t\tVer todos los servicios\t\t\t\t\t\t<\/a>\n\t\t\t\t\t\t\t\t<\/div>\n\t\t<\/div>\n\t\t<\/div>\n\t\t<\/div>\n\t\t\t\t<\/div>\n\t\t\t\t<\/div>\n\t\t\t\t<section class=\"elementor-element elementor-element-80f437b elementor-section-boxed elementor-section-height-default elementor-section-height-default elementor-section elementor-inner-section\" data-id=\"80f437b\" data-element_type=\"section\">\n\t\t\t\t\t\t<div class=\"elementor-container elementor-column-gap-default\">\n\t\t\t\t<div class=\"elementor-row\">\n\t\t\t\t<div class=\"elementor-element elementor-element-5a259ac elementor-column elementor-col-100 elementor-inner-column\" data-id=\"5a259ac\" data-element_type=\"column\" data-settings=\"{&quot;background_background&quot;:&quot;classic&quot;}\">\n\t\t\t<div class=\"elementor-column-wrap  elementor-element-populated\">\n\t\t\t\t\t<div class=\"elementor-widget-wrap\">\n\t\t\t\t<div class=\"elementor-element elementor-element-e74bee7 elementor-widget elementor-widget-heading\" data-id=\"e74bee7\" data-element_type=\"widget\" data-widget_type=\"heading.default\">\n\t\t\t\t<div class=\"elementor-widget-container\">\n\t\t\t<h2 class=\"elementor-heading-title elementor-size-default\">Nuestros Servicios<\/h2>\t\t<\/div>\n\t\t\t\t<\/div>\n\t\t\t\t<div class=\"elementor-element elementor-element-c74e1ef elementor-tablet-align-center elementor-icon-list--layout-traditional elementor-widget elementor-widget-icon-list\" data-id=\"c74e1ef\" data-element_type=\"widget\" data-widget_type=\"icon-list.default\">\n\t\t\t\t<div class=\"elementor-widget-container\">\n\t\t\t\t\t<ul class=\"elementor-icon-list-items\">\n\t\t\t\t\t\t\t<li class=\"elementor-icon-list-item\" >\n\t\t\t\t\t\t\t\t\t\t\t<span class=\"elementor-icon-list-icon\">\n\t\t\t\t\t\t\t<i aria-hidden=\"true\" class=\"far fa-dot-circle\"><\/i>\t\t\t\t\t\t<\/span>\n\t\t\t\t\t\t\t\t\t\t<span class=\"elementor-icon-list-text\">Tecnolog\u00eda en general<\/span>\n\t\t\t\t\t\t\t\t\t<\/li>\n\t\t\t\t\t\t\t\t<li class=\"elementor-icon-list-item\" >\n\t\t\t\t\t\t\t\t\t\t\t<span class=\"elementor-icon-list-icon\">\n\t\t\t\t\t\t\t<i aria-hidden=\"true\" class=\"far fa-dot-circle\"><\/i>\t\t\t\t\t\t<\/span>\n\t\t\t\t\t\t\t\t\t\t<span class=\"elementor-icon-list-text\">Automatizaci\u00f3n<\/span>\n\t\t\t\t\t\t\t\t\t<\/li>\n\t\t\t\t\t\t\t\t<li class=\"elementor-icon-list-item\" >\n\t\t\t\t\t\t\t\t\t\t\t<span class=\"elementor-icon-list-icon\">\n\t\t\t\t\t\t\t<i aria-hidden=\"true\" class=\"far fa-dot-circle\"><\/i>\t\t\t\t\t\t<\/span>\n\t\t\t\t\t\t\t\t\t\t<span class=\"elementor-icon-list-text\">Inform\u00e1tica, Redes de Datos y Telecomunicaciones<\/span>\n\t\t\t\t\t\t\t\t\t<\/li>\n\t\t\t\t\t\t\t\t<li class=\"elementor-icon-list-item\" >\n\t\t\t\t\t\t\t\t\t\t\t<span class=\"elementor-icon-list-icon\">\n\t\t\t\t\t\t\t<i aria-hidden=\"true\" class=\"far fa-dot-circle\"><\/i>\t\t\t\t\t\t<\/span>\n\t\t\t\t\t\t\t\t\t\t<span class=\"elementor-icon-list-text\">Eficiencia Energ\u00e9tica<\/span>\n\t\t\t\t\t\t\t\t\t<\/li>\n\t\t\t\t\t\t\t\t<li class=\"elementor-icon-list-item\" >\n\t\t\t\t\t\t\t\t\t\t\t<span class=\"elementor-icon-list-icon\">\n\t\t\t\t\t\t\t<i aria-hidden=\"true\" class=\"far fa-dot-circle\"><\/i>\t\t\t\t\t\t<\/span>\n\t\t\t\t\t\t\t\t\t\t<span class=\"elementor-icon-list-text\">Dise\u00f1o y Arquitectura<\/span>\n\t\t\t\t\t\t\t\t\t<\/li>\n\t\t\t\t\t\t<\/ul>\n\t\t\t\t<\/div>\n\t\t\t\t<\/div>\n\t\t\t\t\t\t<\/div>\n\t\t\t<\/div>\n\t\t<\/div>\n\t\t\t\t\t\t<\/div>\n\t\t\t<\/div>\n\t\t<\/section>\n\t\t\t\t\t\t<\/div>\n\t\t\t<\/div>\n\t\t<\/div>\n\t\t\t\t<div class=\"elementor-element elementor-element-43a7d6c elementor-column elementor-col-50 elementor-top-column\" data-id=\"43a7d6c\" data-element_type=\"column\" data-settings=\"{&quot;background_background&quot;:&quot;classic&quot;}\">\n\t\t\t<div class=\"elementor-column-wrap  elementor-element-populated\">\n\t\t\t\t\t\t\t<div class=\"elementor-background-overlay\"><\/div>\n\t\t\t\t\t<div class=\"elementor-widget-wrap\">\n\t\t\t\t<section class=\"elementor-element elementor-element-7b5227f elementor-section-content-middle elementor-section-boxed elementor-section-height-default elementor-section-height-default elementor-invisible elementor-section elementor-inner-section\" data-id=\"7b5227f\" data-element_type=\"section\" data-settings=\"{&quot;animation&quot;:&quot;fadeIn&quot;,&quot;animation_delay&quot;:250}\">\n\t\t\t\t\t\t<div class=\"elementor-container elementor-column-gap-default\">\n\t\t\t\t<div class=\"elementor-row\">\n\t\t\t\t<div class=\"elementor-element elementor-element-0535968 elementor-column elementor-col-100 elementor-inner-column\" data-id=\"0535968\" data-element_type=\"column\" data-settings=\"{&quot;background_background&quot;:&quot;classic&quot;}\">\n\t\t\t<div class=\"elementor-column-wrap  elementor-element-populated\">\n\t\t\t\t\t\t\t<div class=\"elementor-background-overlay\"><\/div>\n\t\t\t\t\t<div class=\"elementor-widget-wrap\">\n\t\t\t\t<div class=\"elementor-element elementor-element-b2a3be8 elementor-widget elementor-widget-heading\" data-id=\"b2a3be8\" data-element_type=\"widget\" data-widget_type=\"heading.default\">\n\t\t\t\t<div class=\"elementor-widget-container\">\n\t\t\t<h2 class=\"elementor-heading-title elementor-size-default\">Contact us<\/h2>\t\t<\/div>\n\t\t\t\t<\/div>\n\t\t\t\t<div class=\"elementor-element elementor-element-ccd1c6f elementor-widget elementor-widget-heading\" data-id=\"ccd1c6f\" data-element_type=\"widget\" data-widget_type=\"heading.default\">\n\t\t\t\t<div class=\"elementor-widget-container\">\n\t\t\t<h2 class=\"elementor-heading-title elementor-size-default\">Cu\u00e9ntanos sobre tu proyecto\n<br>\nTe responderemos lo antes posible<\/h2>\t\t<\/div>\n\t\t\t\t<\/div>\n\t\t\t\t<div class=\"elementor-element elementor-element-2c83a8a elementor-button-align-stretch elementor-widget elementor-widget-form\" data-id=\"2c83a8a\" data-element_type=\"widget\" data-settings=\"{&quot;step_next_label&quot;:&quot;Next&quot;,&quot;step_previous_label&quot;:&quot;Previous&quot;,&quot;button_width&quot;:&quot;100&quot;,&quot;step_type&quot;:&quot;number_text&quot;,&quot;step_icon_shape&quot;:&quot;circle&quot;}\" data-widget_type=\"form.default\">\n\t\t\t\t<div class=\"elementor-widget-container\">\n\t\t\t\t\t<form class=\"elementor-form\" method=\"post\" name=\"Formulario de Contacto\" action=\"\">\n\t\t\t<input type=\"hidden\" name=\"post_id\" value=\"37\"\/>\n\t\t\t<input type=\"hidden\" name=\"form_id\" value=\"2c83a8a\"\/>\n\n\t\t\t\n\t\t\t<div class=\"elementor-form-fields-wrapper elementor-labels-\">\n\t\t\t\t\t\t\t\t<div class=\"elementor-field-type-text elementor-field-group elementor-column elementor-field-group-name elementor-col-100 elementor-field-required\">\n\t\t\t\t\t<label for=\"form-field-name\" class=\"elementor-field-label elementor-screen-only\">Name<\/label><input size=\"1\" type=\"text\" name=\"form_fields[name]\" id=\"form-field-name\" class=\"elementor-field elementor-size-sm  elementor-field-textual\" placeholder=\"Name\" required=\"required\" aria-required=\"true\">\t\t\t\t<\/div>\n\t\t\t\t\t\t\t\t<div class=\"elementor-field-type-email elementor-field-group elementor-column elementor-field-group-email elementor-col-100 elementor-field-required\">\n\t\t\t\t\t<label for=\"form-field-email\" class=\"elementor-field-label elementor-screen-only\">Email<\/label><input size=\"1\" type=\"email\" name=\"form_fields[email]\" id=\"form-field-email\" class=\"elementor-field elementor-size-sm  elementor-field-textual\" placeholder=\"Email\" required=\"required\" aria-required=\"true\">\t\t\t\t<\/div>\n\t\t\t\t\t\t\t\t<div class=\"elementor-field-type-textarea elementor-field-group elementor-column elementor-field-group-message elementor-col-100\">\n\t\t\t\t\t<label for=\"form-field-message\" class=\"elementor-field-label elementor-screen-only\">Message<\/label><textarea class=\"elementor-field-textual elementor-field  elementor-size-sm\" name=\"form_fields[message]\" id=\"form-field-message\" rows=\"3\" placeholder=\"Message\"><\/textarea>\t\t\t\t<\/div>\n\t\t\t\t\t\t\t\t<div class=\"elementor-field-group elementor-column elementor-field-type-submit elementor-col-100 e-form__buttons\">\n\t\t\t\t\t<button type=\"submit\" class=\"elementor-button elementor-size-sm elementor-animation-grow\">\n\t\t\t\t\t\t<span >\n\t\t\t\t\t\t\t\t\t\t\t\t\t\t\t<span class=\"elementor-button-icon\">\n\t\t\t\t\t\t\t\t\t\t\t\t\t\t\t\t\t\t\t\t\t\t\t\t\t\t<\/span>\n\t\t\t\t\t\t\t\t\t\t\t\t\t\t\t\t\t\t\t\t\t\t<span class=\"elementor-button-text\">Send<\/span>\n\t\t\t\t\t\t\t\t\t\t\t\t\t<\/span>\n\t\t\t\t\t<\/button>\n\t\t\t\t<\/div>\n\t\t\t<\/div>\n\t\t<input type=\"hidden\" name=\"trp-form-language\" value=\"en\"\/><\/form>\n\t\t\t\t<\/div>\n\t\t\t\t<\/div>\n\t\t\t\t\t\t<\/div>\n\t\t\t<\/div>\n\t\t<\/div>\n\t\t\t\t\t\t<\/div>\n\t\t\t<\/div>\n\t\t<\/section>\n\t\t\t\t\t\t<\/div>\n\t\t\t<\/div>\n\t\t<\/div>\n\t\t\t\t\t\t<\/div>\n\t\t\t<\/div>\n\t\t<\/section>\n\t\t\t\t\t\t<\/div>\n\t\t\t<\/div>\n\t\t<\/div>","protected":false},"excerpt":{"rendered":"<p>Nuestros Clientes Queremos ser tu aliado estrat\u00e9gico con soluciones de tecnolog\u00eda y arquitectura CONT\u00c1CTANOS Han confiado en nosotros Ver todos los servicios Nuestros Servicios Tecnolog\u00eda en general Automatizaci\u00f3n Inform\u00e1tica, Redes de Datos y Telecomunicaciones Eficiencia Energ\u00e9tica Dise\u00f1o y Arquitectura Cont\u00e1ctanos Cu\u00e9ntanos sobre tu proyecto Te responderemos lo antes posible<\/p>","protected":false},"author":1,"featured_media":0,"parent":0,"menu_order":0,"comment_status":"closed","ping_status":"closed","template":"","meta":[],"_links":{"self":[{"href":"https:\/\/qf.do\/en\/wp-json\/wp\/v2\/pages\/37"}],"collection":[{"href":"https:\/\/qf.do\/en\/wp-json\/wp\/v2\/pages"}],"about":[{"href":"https:\/\/qf.do\/en\/wp-json\/wp\/v2\/types\/page"}],"author":[{"embeddable":true,"href":"https:\/\/qf.do\/en\/wp-json\/wp\/v2\/users\/1"}],"replies":[{"embeddable":true,"href":"https:\/\/qf.do\/en\/wp-json\/wp\/v2\/comments?post=37"}],"version-history":[{"count":2,"href":"https:\/\/qf.do\/en\/wp-json\/wp\/v2\/pages\/37\/revisions"}],"predecessor-version":[{"id":508,"href":"https:\/\/qf.do\/en\/wp-json\/wp\/v2\/pages\/37\/revisions\/508"}],"wp:attachment":[{"href":"https:\/\/qf.do\/en\/wp-json\/wp\/v2\/media?parent=37"}],"curies":[{"name":"wp","href":"https:\/\/api.w.org\/{rel}","templated":true}]}}